{"id":1057,"date":"2017-05-04T01:08:33","date_gmt":"2017-05-04T01:08:33","guid":{"rendered":"http:\/\/xviienanpur.anpur.org.br\/?page_id=1057"},"modified":"2017-05-08T20:29:31","modified_gmt":"2017-05-08T20:29:31","slug":"palestra-de-abertura","status":"publish","type":"page","link":"https:\/\/xviienanpur.anpur.org.br\/?page_id=1057","title":{"rendered":"PALESTRA DE ABERTURA"},"content":{"rendered":"<p>[et_pb_section admin_label=&#8221;section&#8221;][et_pb_row admin_label=&#8221;row&#8221;][et_pb_column type=&#8221;4_4&#8243;][et_pb_post_title admin_label=&#8221;T\u00edtulo da Publica\u00e7\u00e3o&#8221; title=&#8221;on&#8221; meta=&#8221;off&#8221; author=&#8221;on&#8221; date=&#8221;on&#8221; categories=&#8221;on&#8221; comments=&#8221;on&#8221; featured_image=&#8221;off&#8221; featured_placement=&#8221;below&#8221; parallax_effect=&#8221;on&#8221; parallax_method=&#8221;on&#8221; text_orientation=&#8221;left&#8221; text_color=&#8221;dark&#8221; text_background=&#8221;off&#8221; text_bg_color=&#8221;rgba(255,255,255,0.9)&#8221; module_bg_color=&#8221;rgba(255,255,255,0)&#8221; title_all_caps=&#8221;off&#8221; use_border_color=&#8221;off&#8221; border_color=&#8221;#ffffff&#8221; border_style=&#8221;solid&#8221;] [\/et_pb_post_title][et_pb_text admin_label=&#8221;Texto&#8221; background_layout=&#8221;light&#8221; text_orientation=&#8221;left&#8221; use_border_color=&#8221;off&#8221; border_color=&#8221;#ffffff&#8221; border_style=&#8221;solid&#8221;]<\/p>\n<p><span style=\"color: #333399;\">Dia 22\/maio, 20hs, Sala Tom Jobim &#8211; Novotel Jaragu\u00e1, Piso Eventos II<\/span><\/p>\n<p>&nbsp;<\/p>\n<h3>Professor Jaime Osorio<\/h3>\n<h3><em>&#8220;Crisis econ\u00f3mica, crisis pol\u00edtica y lucha de clases en Am\u00e9rica Latina.&#8221;<\/em><\/h3>\n<p>&nbsp;<\/p>\n<p>[\/et_pb_text][\/et_pb_column][\/et_pb_row][et_pb_row admin_label=&#8221;Linha&#8221;][et_pb_column type=&#8221;1_3&#8243;][et_pb_image admin_label=&#8221;Imagem&#8221; src=&#8221;http:\/\/xviienanpur.anpur.org.br\/wp-content\/uploads\/2017\/05\/Jaime-Osorio.jpg&#8221; show_in_lightbox=&#8221;off&#8221; url_new_window=&#8221;off&#8221; use_overlay=&#8221;off&#8221; animation=&#8221;left&#8221; sticky=&#8221;off&#8221; align=&#8221;left&#8221; force_fullwidth=&#8221;off&#8221; always_center_on_mobile=&#8221;on&#8221; use_border_color=&#8221;off&#8221; border_color=&#8221;#ffffff&#8221; border_style=&#8221;solid&#8221;] [\/et_pb_image][\/et_pb_column][et_pb_column type=&#8221;2_3&#8243;][et_pb_text admin_label=&#8221;Texto&#8221; background_layout=&#8221;light&#8221; text_orientation=&#8221;left&#8221; use_border_color=&#8221;off&#8221; border_color=&#8221;#ffffff&#8221; border_style=&#8221;solid&#8221;]<\/p>\n<h5 style=\"text-align: justify;\"><strong>Jaime Os\u00f3rio<\/strong><\/h5>\n<h5 style=\"text-align: justify;\">Professor da Universidad Aut\u00f3noma Metropolitana \u2013 Xochimilco (UAM-X) e da p\u00f3s-gradua\u00e7\u00e3o em Estudos Latino-Americanos da Universidad Nacional Aut\u00f3noma de M\u00e9xico (Unam). Um dos principais disc\u00edpulos de Ruy Mauro Marini, foi pesquisador do Centro de Estudios Socioecon\u00f3micos da Universidad de Chile durante o governo de Salvador Allende. Ap\u00f3s o golpe de 1973, exilou-se no M\u00e9xico, onde vive at\u00e9 hoje.<\/h5>\n<h5 style=\"text-align: justify;\">\u00c9 autor, entre outros, dos livros &#8220;Explotaci\u00f3n redoblada y actualidad de la revoluci\u00f3n&#8221;(UAM\/ITACA, 2009), &#8220;Cr\u00edtica de la econom\u00eda vulgar. Reproducci\u00f3n del capital y dependencia&#8221; (Miguel \u00c1ngel Porr\u00faa\/UAZ, 2004), &#8220;El Estado en el centro de la mundializaci\u00f3n&#8221; (Fondo de Cultura Econ\u00f3mica, 2004), &#8220;Fundamentos del an\u00e1lisis social. La realidad social y su conocimiento&#8221; (Fondo de Cultura Econ\u00f3mica, 2001), &#8220;Las dos caras del espejo. Ruptura y continuidad en la sociolog\u00eda latinoamericana&#8221; (Triana, 1995), &#8220;Ra\u00edces de la democracia en Chile&#8221; (ERA-UAM, 1990),&#8221;Padr\u00e3o de reprodu\u00e7\u00e3o do capital: contribui\u00e7\u00f5es da teoria marxista da depend\u00eancia&#8221; (Boitempo, 2012) e &#8220;Teor\u00eda marxista de la dependencia. Historia, fundamentos, debates y contribuciones&#8221; (Ed.UNGS, 2016).<\/h5>\n<p>[\/et_pb_text][\/et_pb_column][\/et_pb_row][\/et_pb_section]<\/p>\n","protected":false},"excerpt":{"rendered":"<p>Dia 22\/maio, 20hs, Sala Tom Jobim &#8211; Novotel Jaragu\u00e1, Piso Eventos II &nbsp; Professor Jaime Osorio &#8220;Crisis econ\u00f3mica, crisis pol\u00edtica y lucha de clases en Am\u00e9rica Latina.&#8221; &nbsp; Jaime Os\u00f3rio Professor da Universidad Aut\u00f3noma Metropolitana \u2013 Xochimilco (UAM-X) e da p\u00f3s-gradua\u00e7\u00e3o em Estudos Latino-Americanos da Universidad Nacional Aut\u00f3noma de M\u00e9xico (Unam). Um dos principais disc\u00edpulos [&hellip;]<\/p>\n","protected":false},"author":1,"featured_media":0,"parent":0,"menu_order":0,"comment_status":"closed","ping_status":"closed","template":"","meta":{"_et_pb_use_builder":"on","_et_pb_old_content":"","_et_gb_content_width":"","footnotes":""},"class_list":["post-1057","page","type-page","status-publish","hentry"],"_links":{"self":[{"href":"https:\/\/xviienanpur.anpur.org.br\/index.php?rest_route=\/wp\/v2\/pages\/1057","targetHints":{"allow":["GET"]}}],"collection":[{"href":"https:\/\/xviienanpur.anpur.org.br\/index.php?rest_route=\/wp\/v2\/pages"}],"about":[{"href":"https:\/\/xviienanpur.anpur.org.br\/index.php?rest_route=\/wp\/v2\/types\/page"}],"author":[{"embeddable":true,"href":"https:\/\/xviienanpur.anpur.org.br\/index.php?rest_route=\/wp\/v2\/users\/1"}],"replies":[{"embeddable":true,"href":"https:\/\/xviienanpur.anpur.org.br\/index.php?rest_route=%2Fwp%2Fv2%2Fcomments&post=1057"}],"version-history":[{"count":12,"href":"https:\/\/xviienanpur.anpur.org.br\/index.php?rest_route=\/wp\/v2\/pages\/1057\/revisions"}],"predecessor-version":[{"id":1138,"href":"https:\/\/xviienanpur.anpur.org.br\/index.php?rest_route=\/wp\/v2\/pages\/1057\/revisions\/1138"}],"wp:attachment":[{"href":"https:\/\/xviienanpur.anpur.org.br\/index.php?rest_route=%2Fwp%2Fv2%2Fmedia&parent=1057"}],"curies":[{"name":"wp","href":"https:\/\/api.w.org\/{rel}","templated":true}]}}